{"id":1632,"date":"2022-11-23T08:08:23","date_gmt":"2022-11-23T08:08:23","guid":{"rendered":"https:\/\/the-smooth-mover.com\/?page_id=1632"},"modified":"2022-11-23T08:21:02","modified_gmt":"2022-11-23T08:21:02","slug":"politique-de-confidentialite","status":"publish","type":"page","link":"https:\/\/the-smooth-mover.com\/fr\/politique-de-confidentialite\/","title":{"rendered":"Politique de confidentialit\u00e9"},"content":{"rendered":"\t\t<div data-elementor-type=\"wp-page\" data-elementor-id=\"1632\" class=\"elementor elementor-1632\">\n\t\t\t\t\t\t\t\t\t<section class=\"elementor-section elementor-top-section elementor-element elementor-element-36a791d elementor-section-boxed elementor-section-height-default elementor-section-height-default\" data-id=\"36a791d\" data-element_type=\"section\" data-settings=\"{&quot;_ha_eqh_enable&quot;:false}\">\n\t\t\t\t\t\t<div class=\"elementor-container elementor-column-gap-default\">\n\t\t\t\t\t<div class=\"elementor-column elementor-col-100 elementor-top-column elementor-element elementor-element-68c73f7\" data-id=\"68c73f7\" data-element_type=\"column\">\n\t\t\t<div class=\"elementor-widget-wrap elementor-element-populated\">\n\t\t\t\t\t\t\t\t<div class=\"elementor-element elementor-element-bb0c451 elementor-widget elementor-widget-text-editor\" data-id=\"bb0c451\" data-element_type=\"widget\" data-widget_type=\"text-editor.default\">\n\t\t\t\t<div class=\"elementor-widget-container\">\n\t\t\t<style>\/*! elementor - v3.8.1 - 13-11-2022 *\/\n.elementor-widget-text-editor.elementor-drop-cap-view-stacked .elementor-drop-cap{background-color:#818a91;color:#fff}.elementor-widget-text-editor.elementor-drop-cap-view-framed .elementor-drop-cap{color:#818a91;border:3px solid;background-color:transparent}.elementor-widget-text-editor:not(.elementor-drop-cap-view-default) .elementor-drop-cap{margin-top:8px}.elementor-widget-text-editor:not(.elementor-drop-cap-view-default) .elementor-drop-cap-letter{width:1em;height:1em}.elementor-widget-text-editor .elementor-drop-cap{float:left;text-align:center;line-height:1;font-size:50px}.elementor-widget-text-editor .elementor-drop-cap-letter{display:inline-block}<\/style>\t\t\t\t<p>La pr\u00e9sente Politique de confidentialit\u00e9 d\u00e9crit la fa\u00e7on dont vos informations personnelles sont recueillies, utilis\u00e9es et partag\u00e9es lorsque vous vous rendez sur www.the-smooth-mover.com (le \u00ab Site \u00bb) ou que vous y effectuez un achat.<\/p>\t\t\t\t\t\t<\/div>\n\t\t\t\t<\/div>\n\t\t\t\t<div class=\"elementor-element elementor-element-84fdb7b elementor-widget elementor-widget-heading\" data-id=\"84fdb7b\" data-element_type=\"widget\" data-widget_type=\"heading.default\">\n\t\t\t\t<div class=\"elementor-widget-container\">\n\t\t\t<style>\/*! elementor - v3.8.1 - 13-11-2022 *\/\n.elementor-heading-title{padding:0;margin:0;line-height:1}.elementor-widget-heading .elementor-heading-title[class*=elementor-size-]>a{color:inherit;font-size:inherit;line-height:inherit}.elementor-widget-heading .elementor-heading-title.elementor-size-small{font-size:15px}.elementor-widget-heading .elementor-heading-title.elementor-size-medium{font-size:19px}.elementor-widget-heading .elementor-heading-title.elementor-size-large{font-size:29px}.elementor-widget-heading .elementor-heading-title.elementor-size-xl{font-size:39px}.elementor-widget-heading .elementor-heading-title.elementor-size-xxl{font-size:59px}<\/style><h2 class=\"elementor-heading-title elementor-size-default\">INFORMATIONS PERSONNELLES RECUEILLIES<\/h2>\t\t<\/div>\n\t\t\t\t<\/div>\n\t\t\t\t<div class=\"elementor-element elementor-element-4fc4e86 elementor-widget elementor-widget-text-editor\" data-id=\"4fc4e86\" data-element_type=\"widget\" data-widget_type=\"text-editor.default\">\n\t\t\t\t<div class=\"elementor-widget-container\">\n\t\t\t\t\t\t\t<p class=\"Standard\">Lorsque vous vous rendez sur le Site, nous recueillons automatiquement certaines informations concernant votre appareil, notamment des informations sur votre navigateur web, votre adresse IP, votre fuseau horaire et certains des cookies qui sont install\u00e9s sur votre appareil. En outre, lorsque vous parcourez le Site, nous recueillons des informations sur les pages web ou produits individuels que vous consultez, les sites web ou les termes de recherche qui vous ont permis d&#8217;arriver sur le Site, ainsi que des informations sur la mani\u00e8re dont vous interagissez avec le Site. Nous d\u00e9signons ces informations collect\u00e9es automatiquement sous l&#8217;appellation \u00ab\u00a0Informations sur l&#8217;appareil\u00a0\u00bb.<\/p><p class=\"Standard\">Nous recueillons les Informations sur l&#8217;appareil \u00e0 l&#8217;aide des technologies suivantes\u00a0:<\/p>\t\t\t\t\t\t<\/div>\n\t\t\t\t<\/div>\n\t\t\t\t<div class=\"elementor-element elementor-element-ad21328 elementor-widget elementor-widget-heading\" data-id=\"ad21328\" data-element_type=\"widget\" data-widget_type=\"heading.default\">\n\t\t\t\t<div class=\"elementor-widget-container\">\n\t\t\t<h3 class=\"elementor-heading-title elementor-size-default\">  FICHIERS T\u00c9MOINS (COOKIES)<\/h3>\t\t<\/div>\n\t\t\t\t<\/div>\n\t\t\t\t<div class=\"elementor-element elementor-element-9f53980 elementor-widget elementor-widget-text-editor\" data-id=\"9f53980\" data-element_type=\"widget\" data-widget_type=\"text-editor.default\">\n\t\t\t\t<div class=\"elementor-widget-container\">\n\t\t\t\t\t\t\t<p>Voici une liste de fichiers t\u00e9moins que nous utilisons. Nous les avons \u00e9num\u00e9r\u00e9s ici pour que vous ayez la possibilit\u00e9 de choisir si vous souhaitez les autoriser ou non.<\/p><p>\u00a0 &#8211; Les \u00ab\u00a0fichiers journaux\u00a0\u00bb suivent l&#8217;activit\u00e9 du Site et recueillent des donn\u00e9es telles que votre adresse IP, le type de navigateur que vous utilisez, votre fournisseur d&#8217;acc\u00e8s Internet, vos pages r\u00e9f\u00e9rentes et de sortie, et vos donn\u00e9es d&#8217;horodatage (date et heure).<\/p><p>\u00a0\u00a0\u00a0 &#8211; Les \u00ab\u00a0pixels invisibles\u00a0\u00bb, les \u00ab\u00a0balises\u00a0\u00bb et les \u00ab\u00a0pixels\u00a0\u00bb sont des fichiers \u00e9lectroniques qui enregistrent des informations sur la fa\u00e7on dont vous parcourez le Site.<\/p><p>Lorsque nous utilisons l&#8217;expression \u00ab\u00a0Informations personnelles\u00a0\u00bb dans la pr\u00e9sente Politique de confidentialit\u00e9, nous faisons allusion \u00e0 la fois aux Informations sur l&#8217;appareil et aux Informations sur la commande.<\/p>\t\t\t\t\t\t<\/div>\n\t\t\t\t<\/div>\n\t\t\t\t<div class=\"elementor-element elementor-element-6d8cd38 elementor-widget elementor-widget-heading\" data-id=\"6d8cd38\" data-element_type=\"widget\" data-widget_type=\"heading.default\">\n\t\t\t\t<div class=\"elementor-widget-container\">\n\t\t\t<h2 class=\"elementor-heading-title elementor-size-default\">Finalit\u00e9 de la r\u00e9utilisation des donn\u00e9es personnelles collect\u00e9es<\/h2>\t\t<\/div>\n\t\t\t\t<\/div>\n\t\t\t\t<div class=\"elementor-element elementor-element-6bd0031 elementor-widget elementor-widget-text-editor\" data-id=\"6bd0031\" data-element_type=\"widget\" data-widget_type=\"text-editor.default\">\n\t\t\t\t<div class=\"elementor-widget-container\">\n\t\t\t\t\t\t\t<p>\u2013 Effectuer les op\u00e9rations relatives \u00e0 la gestion des clients concernant<\/p><ul><li>les contrats ; les commandes ; les livraisons ; les factures ; la comptabilit\u00e9 et en particulier la gestion des comptes clients<\/li><li>le suivi de la relation client tel que la r\u00e9alisation d\u2019enqu\u00eates de satisfaction, la gestion des r\u00e9clamations et du service apr\u00e8s-vente<\/li><li>la s\u00e9lection de clients pour r\u00e9aliser des \u00e9tudes, sondages et tests produits (sauf consentement des personnes concern\u00e9es recueilli dans les conditions pr\u00e9vues, ces op\u00e9rations ne doivent pas conduire \u00e0 l\u2019\u00e9tablissement de profils susceptibles de faire appara\u00eetre des donn\u00e9es sensibles \u2013 origines raciales ou ethniques, opinions philosophiques, politiques, syndicales, religieuses, vie sexuelle ou sant\u00e9 des personnes)<\/li><\/ul><p>\u2013 Effectuer des op\u00e9rations relatives \u00e0 la prospection<\/p><ul><li>la gestion d\u2019op\u00e9rations techniques de prospection (ce qui inclut notamment les op\u00e9rations techniques comme la normalisation, l\u2019enrichissement et la d\u00e9duplication)<\/li><li>la s\u00e9lection de personnes pour r\u00e9aliser des actions de fid\u00e9lisation, de prospection, de sondage, de test produit et de promotion. Sauf consentement des personnes concern\u00e9es recueilli dans les conditions pr\u00e9vues, ces op\u00e9rations ne doivent pas conduire \u00e0 l\u2019\u00e9tablissement de profils susceptibles de faire appara\u00eetre des donn\u00e9es sensibles (origines raciales ou ethniques, opinions philosophiques, politiques, syndicales, religieuses, vie sexuelle ou sant\u00e9 des personnes)<\/li><li>la r\u00e9alisation d\u2019op\u00e9rations de sollicitations<\/li><\/ul><p>\u2013 L\u2019\u00e9laboration de statistiques commerciales<br \/>\u2013 L\u2019organisation de jeux concours, de loteries ou de toute op\u00e9ration promotionnelle \u00e0 l\u2019exclusion des jeux d\u2019argent et de hasard en ligne soumis \u00e0 l\u2019agr\u00e9ment de l\u2019Autorit\u00e9 de R\u00e9gulation des Jeux en Ligne<br \/>\u2013 La gestion des avis des personnes sur des produits, services ou contenus<\/p>\t\t\t\t\t\t<\/div>\n\t\t\t\t<\/div>\n\t\t\t\t<div class=\"elementor-element elementor-element-d4cc960 elementor-widget elementor-widget-heading\" data-id=\"d4cc960\" data-element_type=\"widget\" data-widget_type=\"heading.default\">\n\t\t\t\t<div class=\"elementor-widget-container\">\n\t\t\t<h2 class=\"elementor-heading-title elementor-size-default\">PARTAGE DE VOS INFORMATIONS PERSONNELLES<\/h2>\t\t<\/div>\n\t\t\t\t<\/div>\n\t\t\t\t<div class=\"elementor-element elementor-element-d4a41f7 elementor-widget elementor-widget-text-editor\" data-id=\"d4a41f7\" data-element_type=\"widget\" data-widget_type=\"text-editor.default\">\n\t\t\t\t<div class=\"elementor-widget-container\">\n\t\t\t\t\t\t\t<p>Nous partageons vos Informations personnelles avec des tiers qui nous aident \u00e0 les utiliser aux fins d\u00e9crites pr\u00e9c\u00e9demment.\u00a0 Nous utilisons Google Analytics pour mieux comprendre comment nos clients utilisent le Site \u2013 pour en savoir plus sur l&#8217;utilisation de vos Informations personnelles par Google, veuillez consulter la page suivante\u00a0: https:\/\/www.google.com\/intl\/fr\/policies\/privacy\/.\u00a0 Vous pouvez aussi d\u00e9sactiver Google Analytics ici\u00a0: https:\/\/tools.google.com\/dlpage\/gaoptout.<\/p><p>Enfin, il se peut que nous partagions aussi vos Informations personnelles pour respecter les lois et r\u00e8glementations applicables, r\u00e9pondre \u00e0 une assignation, \u00e0 un mandat de perquisition ou \u00e0 toute autre demande l\u00e9gale de renseignements que nous recevons, ou pour prot\u00e9ger nos droits.<\/p><p>Comme indiqu\u00e9 ci-dessus, nous utilisons vos Informations personnelles pour vous proposer des publicit\u00e9s cibl\u00e9es ou des messages de marketing qui, selon nous, pourraient vous int\u00e9resser.\u00a0 Pour en savoir plus sur le fonctionnement de la publicit\u00e9 cibl\u00e9e, vous pouvez consulter la page d&#8217;information de la Network Advertising Initiative (NAI) \u00e0 l&#8217;adresse suivante\u00a0: http:\/\/www.networkadvertising.org\/understanding-online-advertising\/how-does-it-work.<\/p><p>Vous pouvez refuser la publicit\u00e9 cibl\u00e9e ici\u00a0:<\/p><p>FACEBOOK \u2013 https:\/\/www.facebook.com\/settings\/?tab=ads<\/p><p>GOOGLE \u2013 https:\/\/www.google.com\/settings\/ads\/anonymous<\/p><p>BING \u2013 <a href=\"https:\/\/about.ads.microsoft.com\/fr-fr\/ressources\/politiques\/annonces-personnalisees\">https:\/\/about.ads.microsoft.com\/fr-fr\/ressources\/politiques\/annonces-personnalisees<\/a><\/p><p>En outre, vous pouvez refuser certains de ces services en vous rendant sur le portail de d\u00e9sactivation de Digital Advertising Alliance \u00e0 l&#8217;adresse suivante\u00a0: https:\/\/optout.aboutads.info\/?c=3&amp;lang=fr.<\/p>\t\t\t\t\t\t<\/div>\n\t\t\t\t<\/div>\n\t\t\t\t<div class=\"elementor-element elementor-element-e7c7d69 elementor-widget elementor-widget-heading\" data-id=\"e7c7d69\" data-element_type=\"widget\" data-widget_type=\"heading.default\">\n\t\t\t\t<div class=\"elementor-widget-container\">\n\t\t\t<h2 class=\"elementor-heading-title elementor-size-default\">NE PAS SUIVRE<\/h2>\t\t<\/div>\n\t\t\t\t<\/div>\n\t\t\t\t<div class=\"elementor-element elementor-element-3780a8c elementor-widget elementor-widget-text-editor\" data-id=\"3780a8c\" data-element_type=\"widget\" data-widget_type=\"text-editor.default\">\n\t\t\t\t<div class=\"elementor-widget-container\">\n\t\t\t\t\t\t\t<p class=\"Standard\">Veuillez noter que nous ne modifions pas la collecte de donn\u00e9es de notre Site et nos pratiques d&#8217;utilisation lorsque nous d\u00e9tectons un signal \u00ab\u00a0Ne pas suivre\u00a0\u00bb sur votre navigateur.<\/p>\t\t\t\t\t\t<\/div>\n\t\t\t\t<\/div>\n\t\t\t\t<div class=\"elementor-element elementor-element-b752980 elementor-widget elementor-widget-heading\" data-id=\"b752980\" data-element_type=\"widget\" data-widget_type=\"heading.default\">\n\t\t\t\t<div class=\"elementor-widget-container\">\n\t\t\t<h2 class=\"elementor-heading-title elementor-size-default\">Vos droits<\/h2>\t\t<\/div>\n\t\t\t\t<\/div>\n\t\t\t\t<div class=\"elementor-element elementor-element-29ae3a6 elementor-widget elementor-widget-text-editor\" data-id=\"29ae3a6\" data-element_type=\"widget\" data-widget_type=\"text-editor.default\">\n\t\t\t\t<div class=\"elementor-widget-container\">\n\t\t\t\t\t\t\t<p class=\"Standard\">Si vous \u00eates r\u00e9sident(e) europ\u00e9en(ne), vous disposez d&#8217;un droit d&#8217;acc\u00e8s aux informations personnelles que nous d\u00e9tenons \u00e0 votre sujet et vous pouvez demander \u00e0 ce qu&#8217;elles soient corrig\u00e9es, mises \u00e0 jour ou supprim\u00e9es. Si vous souhaitez exercer ce droit, veuillez nous contacter au moyen des coordonn\u00e9es pr\u00e9cis\u00e9es ci-dessous.<\/p><p>Par ailleurs, si vous \u00eates r\u00e9sident(e) europ\u00e9en(ne), notez que nous traitons vos informations dans le but de remplir nos obligations contractuelles \u00e0 votre \u00e9gard (par exemple si vous passez une commande sur le Site) ou de poursuivre nos int\u00e9r\u00eats commerciaux l\u00e9gitimes, \u00e9num\u00e9r\u00e9s ci-dessus.\u00a0 Veuillez \u00e9galement noter que vos informations seront transf\u00e9r\u00e9es hors de l&#8217;Europe, y compris au Canada et aux \u00c9tats-Unis.<\/p>\t\t\t\t\t\t<\/div>\n\t\t\t\t<\/div>\n\t\t\t\t<div class=\"elementor-element elementor-element-d234f14 elementor-widget elementor-widget-heading\" data-id=\"d234f14\" data-element_type=\"widget\" data-widget_type=\"heading.default\">\n\t\t\t\t<div class=\"elementor-widget-container\">\n\t\t\t<h2 class=\"elementor-heading-title elementor-size-default\">R\u00c9TENTION DES DONN\u00c9ES<\/h2>\t\t<\/div>\n\t\t\t\t<\/div>\n\t\t\t\t<div class=\"elementor-element elementor-element-9a3cfb5 elementor-widget elementor-widget-text-editor\" data-id=\"9a3cfb5\" data-element_type=\"widget\" data-widget_type=\"text-editor.default\">\n\t\t\t\t<div class=\"elementor-widget-container\">\n\t\t\t\t\t\t\t<p class=\"Standard\">Lorsque vous passez une commande par l&#8217;interm\u00e9diaire du Site, nous conservons les Informations sur votre commande dans nos dossiers, sauf si et jusqu&#8217;\u00e0 ce que vous nous demandiez de les supprimer.<\/p>\t\t\t\t\t\t<\/div>\n\t\t\t\t<\/div>\n\t\t\t\t<div class=\"elementor-element elementor-element-880fce3 elementor-widget elementor-widget-heading\" data-id=\"880fce3\" data-element_type=\"widget\" data-widget_type=\"heading.default\">\n\t\t\t\t<div class=\"elementor-widget-container\">\n\t\t\t<h2 class=\"elementor-heading-title elementor-size-default\">CHANGEMENTS<\/h2>\t\t<\/div>\n\t\t\t\t<\/div>\n\t\t\t\t<div class=\"elementor-element elementor-element-1d4a3d5 elementor-widget elementor-widget-text-editor\" data-id=\"1d4a3d5\" data-element_type=\"widget\" data-widget_type=\"text-editor.default\">\n\t\t\t\t<div class=\"elementor-widget-container\">\n\t\t\t\t\t\t\t<p class=\"Standard\">Nous pouvons \u00eatre amen\u00e9s \u00e0 modifier la pr\u00e9sente politique de confidentialit\u00e9 de temps \u00e0 autre afin d&#8217;y refl\u00e9ter, par exemple, les changements apport\u00e9s \u00e0 nos pratiques ou pour d&#8217;autres motifs op\u00e9rationnels, juridiques ou r\u00e9glementaires.<\/p>\t\t\t\t\t\t<\/div>\n\t\t\t\t<\/div>\n\t\t\t\t<div class=\"elementor-element elementor-element-632cd6c elementor-widget elementor-widget-heading\" data-id=\"632cd6c\" data-element_type=\"widget\" data-widget_type=\"heading.default\">\n\t\t\t\t<div class=\"elementor-widget-container\">\n\t\t\t<h2 class=\"elementor-heading-title elementor-size-default\">NOUS CONTACTER<\/h2>\t\t<\/div>\n\t\t\t\t<\/div>\n\t\t\t\t<div class=\"elementor-element elementor-element-44e93f6 elementor-widget elementor-widget-text-editor\" data-id=\"44e93f6\" data-element_type=\"widget\" data-widget_type=\"text-editor.default\">\n\t\t\t\t<div class=\"elementor-widget-container\">\n\t\t\t\t\t\t\t<p class=\"Standard\">Pour en savoir plus sur nos pratiques de confidentialit\u00e9, si vous avez des questions ou si vous souhaitez d\u00e9poser une r\u00e9clamation, veuillez nous contacter par e-mail \u00e0 guillaumedemonchaux@gmail.com, ou par courrier \u00e0 l&#8217;adresse suivante\u00a0:<\/p><p class=\"Standard\">calle vientos del sur 6 , sitio de calahonda, mijas, MA, 29649, Espagne<\/p>\t\t\t\t\t\t<\/div>\n\t\t\t\t<\/div>\n\t\t\t\t\t<\/div>\n\t\t<\/div>\n\t\t\t\t\t\t\t<\/div>\n\t\t<\/section>\n\t\t\t\t\t\t\t<\/div>\n\t\t","protected":false},"excerpt":{"rendered":"<p>La pr\u00e9sente Politique de confidentialit\u00e9 d\u00e9crit la fa\u00e7on dont vos informations personnelles sont recueillies, utilis\u00e9es et partag\u00e9es lorsque vous vous rendez sur www.the-smooth-mover.com (le \u00ab Site \u00bb) ou que vous y effectuez un achat. INFORMATIONS PERSONNELLES RECUEILLIES Lorsque vous vous rendez sur le Site, nous recueillons automatiquement certaines informations concernant votre appareil, notamment des informations [&hellip;]<\/p>\n","protected":false},"author":1,"featured_media":0,"parent":0,"menu_order":0,"comment_status":"closed","ping_status":"closed","template":"","meta":[],"yoast_head":"<!-- This site is optimized with the Yoast SEO plugin v19.10 - https:\/\/yoast.com\/wordpress\/plugins\/seo\/ -->\n<title>Politique de confidentialit\u00e9 - D\u00e9m\u00e9nageur \u00e0 Marbella<\/title>\n<meta name=\"robots\" content=\"index, follow, max-snippet:-1, max-image-preview:large, max-video-preview:-1\" \/>\n<link rel=\"canonical\" href=\"https:\/\/the-smooth-mover.com\/fr\/politique-de-confidentialite\/\" \/>\n<meta property=\"og:locale\" content=\"fr_FR\" \/>\n<meta property=\"og:type\" content=\"article\" \/>\n<meta property=\"og:title\" content=\"Politique de confidentialit\u00e9 - D\u00e9m\u00e9nageur \u00e0 Marbella\" \/>\n<meta property=\"og:description\" content=\"La pr\u00e9sente Politique de confidentialit\u00e9 d\u00e9crit la fa\u00e7on dont vos informations personnelles sont recueillies, utilis\u00e9es et partag\u00e9es lorsque vous vous rendez sur www.the-smooth-mover.com (le \u00ab Site \u00bb) ou que vous y effectuez un achat. INFORMATIONS PERSONNELLES RECUEILLIES Lorsque vous vous rendez sur le Site, nous recueillons automatiquement certaines informations concernant votre appareil, notamment des informations [&hellip;]\" \/>\n<meta property=\"og:url\" content=\"https:\/\/the-smooth-mover.com\/fr\/politique-de-confidentialite\/\" \/>\n<meta property=\"og:site_name\" content=\"D\u00e9m\u00e9nageur \u00e0 Marbella\" \/>\n<meta property=\"article:modified_time\" content=\"2022-11-23T08:21:02+00:00\" \/>\n<meta name=\"twitter:card\" content=\"summary_large_image\" \/>\n<meta name=\"twitter:label1\" content=\"Dur\u00e9e de lecture estim\u00e9e\" \/>\n\t<meta name=\"twitter:data1\" content=\"6 minutes\" \/>\n<script type=\"application\/ld+json\" class=\"yoast-schema-graph\">{\"@context\":\"https:\/\/schema.org\",\"@graph\":[{\"@type\":\"WebPage\",\"@id\":\"https:\/\/the-smooth-mover.com\/fr\/politique-de-confidentialite\/\",\"url\":\"https:\/\/the-smooth-mover.com\/fr\/politique-de-confidentialite\/\",\"name\":\"Politique de confidentialit\u00e9 - D\u00e9m\u00e9nageur \u00e0 Marbella\",\"isPartOf\":{\"@id\":\"https:\/\/the-smooth-mover.com\/#website\"},\"datePublished\":\"2022-11-23T08:08:23+00:00\",\"dateModified\":\"2022-11-23T08:21:02+00:00\",\"breadcrumb\":{\"@id\":\"https:\/\/the-smooth-mover.com\/fr\/politique-de-confidentialite\/#breadcrumb\"},\"inLanguage\":\"fr-FR\",\"potentialAction\":[{\"@type\":\"ReadAction\",\"target\":[\"https:\/\/the-smooth-mover.com\/fr\/politique-de-confidentialite\/\"]}]},{\"@type\":\"BreadcrumbList\",\"@id\":\"https:\/\/the-smooth-mover.com\/fr\/politique-de-confidentialite\/#breadcrumb\",\"itemListElement\":[{\"@type\":\"ListItem\",\"position\":1,\"name\":\"Home\",\"item\":\"https:\/\/the-smooth-mover.com\/fr\/\"},{\"@type\":\"ListItem\",\"position\":2,\"name\":\"Politique de confidentialit\u00e9\"}]},{\"@type\":\"WebSite\",\"@id\":\"https:\/\/the-smooth-mover.com\/#website\",\"url\":\"https:\/\/the-smooth-mover.com\/\",\"name\":\"D\u00e9m\u00e9nageur \u00e0 Marbella\",\"description\":\"Vos d\u00e9m\u00e9nageurs de confiance\",\"potentialAction\":[{\"@type\":\"SearchAction\",\"target\":{\"@type\":\"EntryPoint\",\"urlTemplate\":\"https:\/\/the-smooth-mover.com\/?s={search_term_string}\"},\"query-input\":\"required name=search_term_string\"}],\"inLanguage\":\"fr-FR\"}]}<\/script>\n<!-- \/ Yoast SEO plugin. -->","yoast_head_json":{"title":"Politique de confidentialit\u00e9 - D\u00e9m\u00e9nageur \u00e0 Marbella","robots":{"index":"index","follow":"follow","max-snippet":"max-snippet:-1","max-image-preview":"max-image-preview:large","max-video-preview":"max-video-preview:-1"},"canonical":"https:\/\/the-smooth-mover.com\/fr\/politique-de-confidentialite\/","og_locale":"fr_FR","og_type":"article","og_title":"Politique de confidentialit\u00e9 - D\u00e9m\u00e9nageur \u00e0 Marbella","og_description":"La pr\u00e9sente Politique de confidentialit\u00e9 d\u00e9crit la fa\u00e7on dont vos informations personnelles sont recueillies, utilis\u00e9es et partag\u00e9es lorsque vous vous rendez sur www.the-smooth-mover.com (le \u00ab Site \u00bb) ou que vous y effectuez un achat. INFORMATIONS PERSONNELLES RECUEILLIES Lorsque vous vous rendez sur le Site, nous recueillons automatiquement certaines informations concernant votre appareil, notamment des informations [&hellip;]","og_url":"https:\/\/the-smooth-mover.com\/fr\/politique-de-confidentialite\/","og_site_name":"D\u00e9m\u00e9nageur \u00e0 Marbella","article_modified_time":"2022-11-23T08:21:02+00:00","twitter_card":"summary_large_image","twitter_misc":{"Dur\u00e9e de lecture estim\u00e9e":"6 minutes"},"schema":{"@context":"https:\/\/schema.org","@graph":[{"@type":"WebPage","@id":"https:\/\/the-smooth-mover.com\/fr\/politique-de-confidentialite\/","url":"https:\/\/the-smooth-mover.com\/fr\/politique-de-confidentialite\/","name":"Politique de confidentialit\u00e9 - D\u00e9m\u00e9nageur \u00e0 Marbella","isPartOf":{"@id":"https:\/\/the-smooth-mover.com\/#website"},"datePublished":"2022-11-23T08:08:23+00:00","dateModified":"2022-11-23T08:21:02+00:00","breadcrumb":{"@id":"https:\/\/the-smooth-mover.com\/fr\/politique-de-confidentialite\/#breadcrumb"},"inLanguage":"fr-FR","potentialAction":[{"@type":"ReadAction","target":["https:\/\/the-smooth-mover.com\/fr\/politique-de-confidentialite\/"]}]},{"@type":"BreadcrumbList","@id":"https:\/\/the-smooth-mover.com\/fr\/politique-de-confidentialite\/#breadcrumb","itemListElement":[{"@type":"ListItem","position":1,"name":"Home","item":"https:\/\/the-smooth-mover.com\/fr\/"},{"@type":"ListItem","position":2,"name":"Politique de confidentialit\u00e9"}]},{"@type":"WebSite","@id":"https:\/\/the-smooth-mover.com\/#website","url":"https:\/\/the-smooth-mover.com\/","name":"D\u00e9m\u00e9nageur \u00e0 Marbella","description":"Vos d\u00e9m\u00e9nageurs de confiance","potentialAction":[{"@type":"SearchAction","target":{"@type":"EntryPoint","urlTemplate":"https:\/\/the-smooth-mover.com\/?s={search_term_string}"},"query-input":"required name=search_term_string"}],"inLanguage":"fr-FR"}]}},"_links":{"self":[{"href":"https:\/\/the-smooth-mover.com\/fr\/wp-json\/wp\/v2\/pages\/1632"}],"collection":[{"href":"https:\/\/the-smooth-mover.com\/fr\/wp-json\/wp\/v2\/pages"}],"about":[{"href":"https:\/\/the-smooth-mover.com\/fr\/wp-json\/wp\/v2\/types\/page"}],"author":[{"embeddable":true,"href":"https:\/\/the-smooth-mover.com\/fr\/wp-json\/wp\/v2\/users\/1"}],"replies":[{"embeddable":true,"href":"https:\/\/the-smooth-mover.com\/fr\/wp-json\/wp\/v2\/comments?post=1632"}],"version-history":[{"count":3,"href":"https:\/\/the-smooth-mover.com\/fr\/wp-json\/wp\/v2\/pages\/1632\/revisions"}],"predecessor-version":[{"id":1635,"href":"https:\/\/the-smooth-mover.com\/fr\/wp-json\/wp\/v2\/pages\/1632\/revisions\/1635"}],"wp:attachment":[{"href":"https:\/\/the-smooth-mover.com\/fr\/wp-json\/wp\/v2\/media?parent=1632"}],"curies":[{"name":"wp","href":"https:\/\/api.w.org\/{rel}","templated":true}]}}