{"id":1155,"date":"2022-09-29T13:34:34","date_gmt":"2022-09-29T13:34:34","guid":{"rendered":"https:\/\/the-smooth-mover.com\/?page_id=1155"},"modified":"2022-09-29T16:01:52","modified_gmt":"2022-09-29T16:01:52","slug":"mentions-legales","status":"publish","type":"page","link":"https:\/\/the-smooth-mover.com\/fr\/mentions-legales\/","title":{"rendered":"Mentions l\u00e9gales"},"content":{"rendered":"\n<div style=\"height:50px\" aria-hidden=\"true\" class=\"wp-block-spacer\"><\/div>\n\n\n\n<h2>Avant-propos<\/h2>\n\n\n\n<p>Pour une meilleure navigation sur nos pages web et sur Internet de mani\u00e8re g\u00e9n\u00e9rale, nous vous recommandons de mettre \u00e0 jour les versions de Flash player et de Java sur votre ordinateur. Nous recommandons aussi l\u2019utilisation d\u2019un navigateur Internet r\u00e9cent et optimis\u00e9 tel que <a href=\"https:\/\/www.mozilla.org\/fr\/firefox\/new\/\" target=\"_blank\" rel=\"noreferrer noopener\">Mozilla Firefox<\/a> ou <a href=\"https:\/\/www.google.com\/intl\/fr_fr\/chrome\/\">Google Chrome<\/a> pour l\u2019affichage de certaines pages travaillant avec les derni\u00e8res technologies du d\u00e9veloppement web.<\/p>\n\n\n\n<h2>Services propos\u00e9s par The Smooth Mover<\/h2>\n\n\n\n<p>The Smooth Mover Marbella est une entreprise professionnelle sp\u00e9cialis\u00e9e dans le d\u00e9m\u00e9nagement, qui op\u00e8re le long de la Costa del Sol (Andalousie) et dans toute l\u2019Espagne en fonction des besoins. Nous offrons un service de qualit\u00e9, s\u00e9curis\u00e9 et fiable aux particuliers et aux professionnels, pour un d\u00e9m\u00e9nagement sans risques et sans stress. The Smooth Mover Marbella, c\u2019est la solution id\u00e9ale pour r\u00e9pondre \u00e0 toute recherche de d\u00e9m\u00e9nageur \u00e0 Marbella.<\/p>\n\n\n\n<h2>Traitement des donn\u00e9es personnelles<\/h2>\n\n\n\n<p>Les informations recueillies font l\u2019objet d\u2019un traitement informatique destin\u00e9 \u00e0 l\u2019envoi de devis et \u00e0 la mise en relation avec le client. Le destinataire des donn\u00e9es recueillies est The-smooth-mover.com.<\/p>\n\n\n\n<p>Conform\u00e9ment \u00e0 la loi \u00ab informatique et libert\u00e9s \u00bb du 6 janvier 1978 modifi\u00e9e en 2004, vous b\u00e9n\u00e9ficiez d\u2019un droit d\u2019acc\u00e8s et de rectification aux informations qui vous concernent, que vous pouvez exercer en nous contactant via notre <a href=\"\/contact\/\">formulaire de contact<\/a>.<\/p>\n\n\n\n<p>Vous pouvez \u00e9galement, pour des motifs l\u00e9gitimes, vous opposer au traitement des donn\u00e9es vous concernant.<\/p>\n\n\n\n<h2>Clause de non-responsabilit\u00e9<\/h2>\n\n\n\n<p>Le site The-smooth-mover.com peut proposer des liens vers d\u2019autres sites. Ces pages web dont les adresses sont r\u00e9guli\u00e8rement v\u00e9rifi\u00e9es ne font pas partie du site The-smooth-mover.com et n\u2019engagent pas la responsabilit\u00e9 du directeur de la publication quant au contenu de ces sites.<\/p>\n\n\n\n<p>Il appartient \u00e0 l\u2019utilisateur du pr\u00e9sent site de prendre toutes les mesures appropri\u00e9es de fa\u00e7on \u00e0 prot\u00e9ger ses propres donn\u00e9es et\/ou logiciels de la contamination par d\u2019\u00e9ventuels virus circulant sur le r\u00e9seau Internet. De mani\u00e8re g\u00e9n\u00e9rale, The-smooth-mover.com d\u00e9cline toute responsabilit\u00e9 \u00e0 un \u00e9ventuel dommage survenu pendant la consultation du pr\u00e9sent site.<\/p>\n\n\n\n<h2>Droits d\u2019auteur &amp; copyright<\/h2>\n\n\n\n<p>La reproduction de tout ou partie de ce site sur un support \u00e9lectronique quel qu\u2019il soit est formellement interdite, sauf autorisation expresse du directeur de la publication. Toutes les marques cit\u00e9es appartiennent \u00e0 leurs compagnies respectives. Toutes les affiches, les logos, et les images cit\u00e9s dans ces pages sont la propri\u00e9t\u00e9 de leur marque respective. Les articles sont la propri\u00e9t\u00e9 de leurs auteurs.<\/p>\n\n\n\n<p>Certaines photos pr\u00e9sentes sur ce site ont \u00e9t\u00e9 prises par\/sont la propri\u00e9t\u00e9 de <a href=\"https:\/\/fr.wikipedia.org\/wiki\/Wikip%C3%A9dia:Accueil_principal\">Wikipedia<\/a><\/p>\n\n\n\n<h2>H\u00e9bergement<\/h2>\n\n\n\n<p>Hostinger<br>61 Lordou Vironos st. 6023 Larnaca,<br>Cyprus<br><a href=\"http:\/\/www.hostinger.fr\">www.hostinger.fr<\/a><\/p>\n\n\n\n<p><\/p>\n\n\n\n<div style=\"height:50px\" aria-hidden=\"true\" class=\"wp-block-spacer\"><\/div>\n","protected":false},"excerpt":{"rendered":"<p>Avant-propos Pour une meilleure navigation sur nos pages web et sur Internet de mani\u00e8re g\u00e9n\u00e9rale, nous vous recommandons de mettre \u00e0 jour les versions de Flash player et de Java sur votre ordinateur. Nous recommandons aussi l\u2019utilisation d\u2019un navigateur Internet r\u00e9cent et optimis\u00e9 tel que Mozilla Firefox ou Google Chrome pour l\u2019affichage de certaines pages [&hellip;]<\/p>\n","protected":false},"author":1,"featured_media":0,"parent":0,"menu_order":0,"comment_status":"closed","ping_status":"closed","template":"","meta":[],"yoast_head":"<!-- This site is optimized with the Yoast SEO plugin v19.10 - https:\/\/yoast.com\/wordpress\/plugins\/seo\/ -->\n<title>Mentions l\u00e9gales - D\u00e9m\u00e9nageur \u00e0 Marbella<\/title>\n<meta name=\"robots\" content=\"index, follow, max-snippet:-1, max-image-preview:large, max-video-preview:-1\" \/>\n<link rel=\"canonical\" href=\"https:\/\/the-smooth-mover.com\/mentions-legales\/\" \/>\n<meta property=\"og:locale\" content=\"fr_FR\" \/>\n<meta property=\"og:type\" content=\"article\" \/>\n<meta property=\"og:title\" content=\"Mentions l\u00e9gales - D\u00e9m\u00e9nageur \u00e0 Marbella\" \/>\n<meta property=\"og:description\" content=\"Avant-propos Pour une meilleure navigation sur nos pages web et sur Internet de mani\u00e8re g\u00e9n\u00e9rale, nous vous recommandons de mettre \u00e0 jour les versions de Flash player et de Java sur votre ordinateur. Nous recommandons aussi l\u2019utilisation d\u2019un navigateur Internet r\u00e9cent et optimis\u00e9 tel que Mozilla Firefox ou Google Chrome pour l\u2019affichage de certaines pages [&hellip;]\" \/>\n<meta property=\"og:url\" content=\"https:\/\/the-smooth-mover.com\/mentions-legales\/\" \/>\n<meta property=\"og:site_name\" content=\"D\u00e9m\u00e9nageur \u00e0 Marbella\" \/>\n<meta property=\"article:modified_time\" content=\"2022-09-29T16:01:52+00:00\" \/>\n<meta name=\"twitter:card\" content=\"summary_large_image\" \/>\n<meta name=\"twitter:label1\" content=\"Dur\u00e9e de lecture estim\u00e9e\" \/>\n\t<meta name=\"twitter:data1\" content=\"2 minutes\" \/>\n<script type=\"application\/ld+json\" class=\"yoast-schema-graph\">{\"@context\":\"https:\/\/schema.org\",\"@graph\":[{\"@type\":\"WebPage\",\"@id\":\"https:\/\/the-smooth-mover.com\/mentions-legales\/\",\"url\":\"https:\/\/the-smooth-mover.com\/mentions-legales\/\",\"name\":\"Mentions l\u00e9gales - D\u00e9m\u00e9nageur \u00e0 Marbella\",\"isPartOf\":{\"@id\":\"https:\/\/the-smooth-mover.com\/#website\"},\"datePublished\":\"2022-09-29T13:34:34+00:00\",\"dateModified\":\"2022-09-29T16:01:52+00:00\",\"breadcrumb\":{\"@id\":\"https:\/\/the-smooth-mover.com\/mentions-legales\/#breadcrumb\"},\"inLanguage\":\"fr-FR\",\"potentialAction\":[{\"@type\":\"ReadAction\",\"target\":[\"https:\/\/the-smooth-mover.com\/mentions-legales\/\"]}]},{\"@type\":\"BreadcrumbList\",\"@id\":\"https:\/\/the-smooth-mover.com\/mentions-legales\/#breadcrumb\",\"itemListElement\":[{\"@type\":\"ListItem\",\"position\":1,\"name\":\"Home\",\"item\":\"https:\/\/the-smooth-mover.com\/fr\/\"},{\"@type\":\"ListItem\",\"position\":2,\"name\":\"Mentions l\u00e9gales\"}]},{\"@type\":\"WebSite\",\"@id\":\"https:\/\/the-smooth-mover.com\/#website\",\"url\":\"https:\/\/the-smooth-mover.com\/\",\"name\":\"D\u00e9m\u00e9nageur \u00e0 Marbella\",\"description\":\"Vos d\u00e9m\u00e9nageurs de confiance\",\"potentialAction\":[{\"@type\":\"SearchAction\",\"target\":{\"@type\":\"EntryPoint\",\"urlTemplate\":\"https:\/\/the-smooth-mover.com\/?s={search_term_string}\"},\"query-input\":\"required name=search_term_string\"}],\"inLanguage\":\"fr-FR\"}]}<\/script>\n<!-- \/ Yoast SEO plugin. -->","yoast_head_json":{"title":"Mentions l\u00e9gales - D\u00e9m\u00e9nageur \u00e0 Marbella","robots":{"index":"index","follow":"follow","max-snippet":"max-snippet:-1","max-image-preview":"max-image-preview:large","max-video-preview":"max-video-preview:-1"},"canonical":"https:\/\/the-smooth-mover.com\/mentions-legales\/","og_locale":"fr_FR","og_type":"article","og_title":"Mentions l\u00e9gales - D\u00e9m\u00e9nageur \u00e0 Marbella","og_description":"Avant-propos Pour une meilleure navigation sur nos pages web et sur Internet de mani\u00e8re g\u00e9n\u00e9rale, nous vous recommandons de mettre \u00e0 jour les versions de Flash player et de Java sur votre ordinateur. Nous recommandons aussi l\u2019utilisation d\u2019un navigateur Internet r\u00e9cent et optimis\u00e9 tel que Mozilla Firefox ou Google Chrome pour l\u2019affichage de certaines pages [&hellip;]","og_url":"https:\/\/the-smooth-mover.com\/mentions-legales\/","og_site_name":"D\u00e9m\u00e9nageur \u00e0 Marbella","article_modified_time":"2022-09-29T16:01:52+00:00","twitter_card":"summary_large_image","twitter_misc":{"Dur\u00e9e de lecture estim\u00e9e":"2 minutes"},"schema":{"@context":"https:\/\/schema.org","@graph":[{"@type":"WebPage","@id":"https:\/\/the-smooth-mover.com\/mentions-legales\/","url":"https:\/\/the-smooth-mover.com\/mentions-legales\/","name":"Mentions l\u00e9gales - D\u00e9m\u00e9nageur \u00e0 Marbella","isPartOf":{"@id":"https:\/\/the-smooth-mover.com\/#website"},"datePublished":"2022-09-29T13:34:34+00:00","dateModified":"2022-09-29T16:01:52+00:00","breadcrumb":{"@id":"https:\/\/the-smooth-mover.com\/mentions-legales\/#breadcrumb"},"inLanguage":"fr-FR","potentialAction":[{"@type":"ReadAction","target":["https:\/\/the-smooth-mover.com\/mentions-legales\/"]}]},{"@type":"BreadcrumbList","@id":"https:\/\/the-smooth-mover.com\/mentions-legales\/#breadcrumb","itemListElement":[{"@type":"ListItem","position":1,"name":"Home","item":"https:\/\/the-smooth-mover.com\/fr\/"},{"@type":"ListItem","position":2,"name":"Mentions l\u00e9gales"}]},{"@type":"WebSite","@id":"https:\/\/the-smooth-mover.com\/#website","url":"https:\/\/the-smooth-mover.com\/","name":"D\u00e9m\u00e9nageur \u00e0 Marbella","description":"Vos d\u00e9m\u00e9nageurs de confiance","potentialAction":[{"@type":"SearchAction","target":{"@type":"EntryPoint","urlTemplate":"https:\/\/the-smooth-mover.com\/?s={search_term_string}"},"query-input":"required name=search_term_string"}],"inLanguage":"fr-FR"}]}},"_links":{"self":[{"href":"https:\/\/the-smooth-mover.com\/fr\/wp-json\/wp\/v2\/pages\/1155"}],"collection":[{"href":"https:\/\/the-smooth-mover.com\/fr\/wp-json\/wp\/v2\/pages"}],"about":[{"href":"https:\/\/the-smooth-mover.com\/fr\/wp-json\/wp\/v2\/types\/page"}],"author":[{"embeddable":true,"href":"https:\/\/the-smooth-mover.com\/fr\/wp-json\/wp\/v2\/users\/1"}],"replies":[{"embeddable":true,"href":"https:\/\/the-smooth-mover.com\/fr\/wp-json\/wp\/v2\/comments?post=1155"}],"version-history":[{"count":3,"href":"https:\/\/the-smooth-mover.com\/fr\/wp-json\/wp\/v2\/pages\/1155\/revisions"}],"predecessor-version":[{"id":1165,"href":"https:\/\/the-smooth-mover.com\/fr\/wp-json\/wp\/v2\/pages\/1155\/revisions\/1165"}],"wp:attachment":[{"href":"https:\/\/the-smooth-mover.com\/fr\/wp-json\/wp\/v2\/media?parent=1155"}],"curies":[{"name":"wp","href":"https:\/\/api.w.org\/{rel}","templated":true}]}}