{"id":1500,"date":"2022-09-29T13:34:34","date_gmt":"2022-09-29T13:34:34","guid":{"rendered":"https:\/\/the-smooth-mover.com\/informacion-legal\/"},"modified":"2022-10-27T11:35:29","modified_gmt":"2022-10-27T11:35:29","slug":"informacion-legal","status":"publish","type":"page","link":"https:\/\/the-smooth-mover.com\/es\/informacion-legal\/","title":{"rendered":"Informaci\u00f3n legal"},"content":{"rendered":"\n<div style=\"height:50px\" aria-hidden=\"true\" class=\"wp-block-spacer\"><\/div>\n\n<h2>Pr\u00f3logo<\/h2>\n\n<p>Para una mejor navegaci\u00f3n en nuestras p\u00e1ginas web y en Internet en general, le recomendamos que actualice las versiones de Flash player y Java en su ordenador. Tambi\u00e9n recomendamos el uso de un navegador de Internet reciente y optimizado, como <a href=\"https:\/\/www.mozilla.org\/fr\/firefox\/new\/\" target=\"_blank\" rel=\"noreferrer noopener\">Mozilla Firefox<\/a> o <a href=\"https:\/\/www.google.com\/intl\/fr_fr\/chrome\/\">Google Chrome<\/a> para la visualizaci\u00f3n de determinadas p\u00e1ginas que funcionan con las \u00faltimas tecnolog\u00edas de desarrollo web.<\/p>\n\n<h2>Servicios ofrecidos por The Smooth Mover<\/h2>\n\n<p>The Smooth Mover Marbella es una empresa de mudanzas profesional especializada en traslados, que opera a lo largo de la Costa del Sol (Andaluc\u00eda) y en toda Espa\u00f1a seg\u00fan sea necesario. The Smooth Mover Marbella es una empresa de mudanzas profesional especializada en traslados, que opera a lo largo de la Costa del Sol (Andaluc\u00eda) y en toda Espa\u00f1a seg\u00fan sea necesario. Smooth Mover Marbella es la soluci\u00f3n ideal para todas sus necesidades de mudanza en Marbella.<\/p>\n\n<h2>Tratamiento de datos personales<\/h2>\n\n<p>Los datos recogidos son objeto de tratamiento inform\u00e1tico con el fin de enviar presupuestos y establecer contacto con el cliente. El destinatario de los datos recogidos es The-smooth-mover.com.<\/p>\n\n<p>De acuerdo con la ley francesa sobre inform\u00e1tica y libertades del 6 de enero de 1978, modificada en 2004, usted tiene derecho a acceder y rectificar la informaci\u00f3n que le concierne, que puede ejercer poni\u00e9ndose en contacto con nosotros a trav\u00e9s de nuestro <a href=\"https:\/\/the-smooth-mover.com\/es\/contacte-con\/\">formulario de contacto.<\/a><\/p>\n\n<p>Tambi\u00e9n puede, por razones leg\u00edtimas, oponerse al tratamiento de sus datos.<\/p>\n\n<h2>Exenci\u00f3n de responsabilidad<\/h2>\n\n<p>The-smooth-mover.com puede proporcionar enlaces a otros sitios. Estas p\u00e1ginas web, cuyas direcciones se comprueban regularmente, no forman parte del sitio web The-smooth-mover.com y el director de la publicaci\u00f3n no es responsable del contenido de estos sitios.<\/p>\n\n<p>Es responsabilidad del usuario de este sitio tomar todas las medidas apropiadas para proteger sus propios datos y\/o software de la contaminaci\u00f3n por cualquier virus que circule por Internet. En general, The-smooth-mover.com declina toda responsabilidad por los da\u00f1os que puedan producirse durante la consulta de este sitio.<\/p>\n\n<h2>Derechos de autor y copyright<\/h2>\n\n<p>Queda formalmente prohibida la reproducci\u00f3n total o parcial de este sitio en cualquier soporte electr\u00f3nico, salvo autorizaci\u00f3n expresa del director de la publicaci\u00f3n. Todas las marcas mencionadas pertenecen a sus respectivas empresas. Todos los carteles, logotipos e im\u00e1genes mencionados en estas p\u00e1ginas son propiedad de sus respectivas marcas. Los art\u00edculos son propiedad de sus autores.<\/p>\n\n<p>Algunas de las fotos de este sitio fueron tomadas por\/son propiedad de <a href=\"https:\/\/fr.wikipedia.org\/wiki\/Wikip%C3%A9dia:Accueil_principal\">Wikipedia<\/a><\/p>\n\n<h2>Hospedaje<\/h2>\n\n<p>Hostinger<br\/>61 Lordou Vironos st. 6023 Larnaca,<br\/>Cyprus<br\/><a href=\"http:\/\/www.hostinger.fr\">www.hostinger.fr<\/a><\/p>\n\n<p><\/p>\n\n<div style=\"height:50px\" aria-hidden=\"true\" class=\"wp-block-spacer\"><\/div>\n","protected":false},"excerpt":{"rendered":"<p>Pr\u00f3logo Para una mejor navegaci\u00f3n en nuestras p\u00e1ginas web y en Internet en general, le recomendamos que actualice las versiones de Flash player y Java en su ordenador. Tambi\u00e9n recomendamos el uso de un navegador de Internet reciente y optimizado, como Mozilla Firefox o Google Chrome para la visualizaci\u00f3n de determinadas p\u00e1ginas que funcionan con [&hellip;]<\/p>\n","protected":false},"author":1,"featured_media":0,"parent":0,"menu_order":0,"comment_status":"closed","ping_status":"closed","template":"","meta":[],"yoast_head":"<!-- This site is optimized with the Yoast SEO plugin v19.10 - https:\/\/yoast.com\/wordpress\/plugins\/seo\/ -->\n<title>Informaci\u00f3n legal - D\u00e9m\u00e9nageur \u00e0 Marbella<\/title>\n<meta name=\"robots\" content=\"index, follow, max-snippet:-1, max-image-preview:large, max-video-preview:-1\" \/>\n<link rel=\"canonical\" href=\"https:\/\/the-smooth-mover.com\/es\/informacion-legal\/\" \/>\n<meta property=\"og:locale\" content=\"es_ES\" \/>\n<meta property=\"og:type\" content=\"article\" \/>\n<meta property=\"og:title\" content=\"Informaci\u00f3n legal - D\u00e9m\u00e9nageur \u00e0 Marbella\" \/>\n<meta property=\"og:description\" content=\"Pr\u00f3logo Para una mejor navegaci\u00f3n en nuestras p\u00e1ginas web y en Internet en general, le recomendamos que actualice las versiones de Flash player y Java en su ordenador. Tambi\u00e9n recomendamos el uso de un navegador de Internet reciente y optimizado, como Mozilla Firefox o Google Chrome para la visualizaci\u00f3n de determinadas p\u00e1ginas que funcionan con [&hellip;]\" \/>\n<meta property=\"og:url\" content=\"https:\/\/the-smooth-mover.com\/es\/informacion-legal\/\" \/>\n<meta property=\"og:site_name\" content=\"D\u00e9m\u00e9nageur \u00e0 Marbella\" \/>\n<meta property=\"article:modified_time\" content=\"2022-10-27T11:35:29+00:00\" \/>\n<meta name=\"twitter:card\" content=\"summary_large_image\" \/>\n<meta name=\"twitter:label1\" content=\"Tiempo de lectura\" \/>\n\t<meta name=\"twitter:data1\" content=\"2 minutos\" \/>\n<script type=\"application\/ld+json\" class=\"yoast-schema-graph\">{\"@context\":\"https:\/\/schema.org\",\"@graph\":[{\"@type\":\"WebPage\",\"@id\":\"https:\/\/the-smooth-mover.com\/es\/informacion-legal\/\",\"url\":\"https:\/\/the-smooth-mover.com\/es\/informacion-legal\/\",\"name\":\"Informaci\u00f3n legal - D\u00e9m\u00e9nageur \u00e0 Marbella\",\"isPartOf\":{\"@id\":\"https:\/\/the-smooth-mover.com\/#website\"},\"datePublished\":\"2022-09-29T13:34:34+00:00\",\"dateModified\":\"2022-10-27T11:35:29+00:00\",\"breadcrumb\":{\"@id\":\"https:\/\/the-smooth-mover.com\/es\/informacion-legal\/#breadcrumb\"},\"inLanguage\":\"es\",\"potentialAction\":[{\"@type\":\"ReadAction\",\"target\":[\"https:\/\/the-smooth-mover.com\/es\/informacion-legal\/\"]}]},{\"@type\":\"BreadcrumbList\",\"@id\":\"https:\/\/the-smooth-mover.com\/es\/informacion-legal\/#breadcrumb\",\"itemListElement\":[{\"@type\":\"ListItem\",\"position\":1,\"name\":\"Home\",\"item\":\"https:\/\/the-smooth-mover.com\/es\/\"},{\"@type\":\"ListItem\",\"position\":2,\"name\":\"Informaci\u00f3n legal\"}]},{\"@type\":\"WebSite\",\"@id\":\"https:\/\/the-smooth-mover.com\/#website\",\"url\":\"https:\/\/the-smooth-mover.com\/\",\"name\":\"D\u00e9m\u00e9nageur \u00e0 Marbella\",\"description\":\"Vos d\u00e9m\u00e9nageurs de confiance\",\"potentialAction\":[{\"@type\":\"SearchAction\",\"target\":{\"@type\":\"EntryPoint\",\"urlTemplate\":\"https:\/\/the-smooth-mover.com\/?s={search_term_string}\"},\"query-input\":\"required name=search_term_string\"}],\"inLanguage\":\"es\"}]}<\/script>\n<!-- \/ Yoast SEO plugin. -->","yoast_head_json":{"title":"Informaci\u00f3n legal - D\u00e9m\u00e9nageur \u00e0 Marbella","robots":{"index":"index","follow":"follow","max-snippet":"max-snippet:-1","max-image-preview":"max-image-preview:large","max-video-preview":"max-video-preview:-1"},"canonical":"https:\/\/the-smooth-mover.com\/es\/informacion-legal\/","og_locale":"es_ES","og_type":"article","og_title":"Informaci\u00f3n legal - D\u00e9m\u00e9nageur \u00e0 Marbella","og_description":"Pr\u00f3logo Para una mejor navegaci\u00f3n en nuestras p\u00e1ginas web y en Internet en general, le recomendamos que actualice las versiones de Flash player y Java en su ordenador. Tambi\u00e9n recomendamos el uso de un navegador de Internet reciente y optimizado, como Mozilla Firefox o Google Chrome para la visualizaci\u00f3n de determinadas p\u00e1ginas que funcionan con [&hellip;]","og_url":"https:\/\/the-smooth-mover.com\/es\/informacion-legal\/","og_site_name":"D\u00e9m\u00e9nageur \u00e0 Marbella","article_modified_time":"2022-10-27T11:35:29+00:00","twitter_card":"summary_large_image","twitter_misc":{"Tiempo de lectura":"2 minutos"},"schema":{"@context":"https:\/\/schema.org","@graph":[{"@type":"WebPage","@id":"https:\/\/the-smooth-mover.com\/es\/informacion-legal\/","url":"https:\/\/the-smooth-mover.com\/es\/informacion-legal\/","name":"Informaci\u00f3n legal - D\u00e9m\u00e9nageur \u00e0 Marbella","isPartOf":{"@id":"https:\/\/the-smooth-mover.com\/#website"},"datePublished":"2022-09-29T13:34:34+00:00","dateModified":"2022-10-27T11:35:29+00:00","breadcrumb":{"@id":"https:\/\/the-smooth-mover.com\/es\/informacion-legal\/#breadcrumb"},"inLanguage":"es","potentialAction":[{"@type":"ReadAction","target":["https:\/\/the-smooth-mover.com\/es\/informacion-legal\/"]}]},{"@type":"BreadcrumbList","@id":"https:\/\/the-smooth-mover.com\/es\/informacion-legal\/#breadcrumb","itemListElement":[{"@type":"ListItem","position":1,"name":"Home","item":"https:\/\/the-smooth-mover.com\/es\/"},{"@type":"ListItem","position":2,"name":"Informaci\u00f3n legal"}]},{"@type":"WebSite","@id":"https:\/\/the-smooth-mover.com\/#website","url":"https:\/\/the-smooth-mover.com\/","name":"D\u00e9m\u00e9nageur \u00e0 Marbella","description":"Vos d\u00e9m\u00e9nageurs de confiance","potentialAction":[{"@type":"SearchAction","target":{"@type":"EntryPoint","urlTemplate":"https:\/\/the-smooth-mover.com\/?s={search_term_string}"},"query-input":"required name=search_term_string"}],"inLanguage":"es"}]}},"_links":{"self":[{"href":"https:\/\/the-smooth-mover.com\/es\/wp-json\/wp\/v2\/pages\/1500"}],"collection":[{"href":"https:\/\/the-smooth-mover.com\/es\/wp-json\/wp\/v2\/pages"}],"about":[{"href":"https:\/\/the-smooth-mover.com\/es\/wp-json\/wp\/v2\/types\/page"}],"author":[{"embeddable":true,"href":"https:\/\/the-smooth-mover.com\/es\/wp-json\/wp\/v2\/users\/1"}],"replies":[{"embeddable":true,"href":"https:\/\/the-smooth-mover.com\/es\/wp-json\/wp\/v2\/comments?post=1500"}],"version-history":[{"count":1,"href":"https:\/\/the-smooth-mover.com\/es\/wp-json\/wp\/v2\/pages\/1500\/revisions"}],"predecessor-version":[{"id":1501,"href":"https:\/\/the-smooth-mover.com\/es\/wp-json\/wp\/v2\/pages\/1500\/revisions\/1501"}],"wp:attachment":[{"href":"https:\/\/the-smooth-mover.com\/es\/wp-json\/wp\/v2\/media?parent=1500"}],"curies":[{"name":"wp","href":"https:\/\/api.w.org\/{rel}","templated":true}]}}