{"id":1490,"date":"2022-09-26T12:14:07","date_gmt":"2022-09-26T12:14:07","guid":{"rendered":"https:\/\/the-smooth-mover.com\/contacte-con\/"},"modified":"2026-01-30T07:46:13","modified_gmt":"2026-01-30T07:46:13","slug":"contacte-con","status":"publish","type":"page","link":"https:\/\/the-smooth-mover.com\/es\/contacte-con\/","title":{"rendered":"Contacte con"},"content":{"rendered":"\t\t<div data-elementor-type=\"wp-page\" data-elementor-id=\"1490\" class=\"elementor elementor-1490 elementor-944\">\n\t\t\t\t\t\t\t\t\t<section class=\"elementor-section elementor-top-section elementor-element elementor-element-1239c80 elementor-section-full_width elementor-section-height-default elementor-section-height-default\" data-id=\"1239c80\" data-element_type=\"section\" data-settings=\"{&quot;_ha_eqh_enable&quot;:false}\">\n\t\t\t\t\t\t<div class=\"elementor-container elementor-column-gap-default\">\n\t\t\t\t\t<div class=\"elementor-column elementor-col-100 elementor-top-column elementor-element elementor-element-7c08aea\" data-id=\"7c08aea\" data-element_type=\"column\">\n\t\t\t<div class=\"elementor-widget-wrap elementor-element-populated\">\n\t\t\t\t\t\t\t\t<div class=\"elementor-element elementor-element-02359e1 elementor-widget elementor-widget-google_maps\" data-id=\"02359e1\" data-element_type=\"widget\" data-widget_type=\"google_maps.default\">\n\t\t\t\t<div class=\"elementor-widget-container\">\n\t\t\t<style>\/*! elementor - v3.8.1 - 13-11-2022 *\/\n.elementor-widget-google_maps .elementor-widget-container{overflow:hidden}.elementor-widget-google_maps iframe{height:300px}<\/style>\t\t<div class=\"elementor-custom-embed\">\n\t\t\t<iframe frameborder=\"0\" scrolling=\"no\" marginheight=\"0\" marginwidth=\"0\"\n\t\t\t\t\tsrc=\"https:\/\/maps.google.com\/maps?q=6%20Calle%20Vientos%20del%20Sur%20Sitio%20de%20calahonda%2C%20Mijas&#038;t=m&#038;z=12&#038;output=embed&#038;iwloc=near\"\n\t\t\t\t\ttitle=\"6 Calle Vientos del Sur Sitio de calahonda, Mijas\"\n\t\t\t\t\taria-label=\"6 Calle Vientos del Sur Sitio de calahonda, Mijas\"\n\t\t\t><\/iframe>\n\t\t<\/div>\n\t\t\t\t<\/div>\n\t\t\t\t<\/div>\n\t\t\t\t\t<\/div>\n\t\t<\/div>\n\t\t\t\t\t\t\t<\/div>\n\t\t<\/section>\n\t\t\t\t<section class=\"elementor-section elementor-top-section elementor-element elementor-element-20d4bb5 elementor-section-boxed elementor-section-height-default elementor-section-height-default\" data-id=\"20d4bb5\" data-element_type=\"section\" data-settings=\"{&quot;_ha_eqh_enable&quot;:false}\">\n\t\t\t\t\t\t<div class=\"elementor-container elementor-column-gap-default\">\n\t\t\t\t\t<div class=\"elementor-column elementor-col-100 elementor-top-column elementor-element elementor-element-6d8571d\" data-id=\"6d8571d\" data-element_type=\"column\">\n\t\t\t<div class=\"elementor-widget-wrap elementor-element-populated\">\n\t\t\t\t\t\t\t\t<section class=\"elementor-section elementor-inner-section elementor-element elementor-element-7d2e3e6 elementor-section-boxed elementor-section-height-default elementor-section-height-default\" data-id=\"7d2e3e6\" data-element_type=\"section\" data-settings=\"{&quot;background_background&quot;:&quot;classic&quot;,&quot;_ha_eqh_enable&quot;:false}\">\n\t\t\t\t\t\t<div class=\"elementor-container elementor-column-gap-default\">\n\t\t\t\t\t<div class=\"elementor-column elementor-col-50 elementor-inner-column elementor-element elementor-element-7e1e823\" data-id=\"7e1e823\" data-element_type=\"column\" data-settings=\"{&quot;background_background&quot;:&quot;classic&quot;}\">\n\t\t\t<div class=\"elementor-widget-wrap elementor-element-populated\">\n\t\t\t\t\t\t\t\t<div class=\"elementor-element elementor-element-ad252c7 elementor-widget elementor-widget-heading\" data-id=\"ad252c7\" data-element_type=\"widget\" data-widget_type=\"heading.default\">\n\t\t\t\t<div class=\"elementor-widget-container\">\n\t\t\t<style>\/*! elementor - v3.8.1 - 13-11-2022 *\/\n.elementor-heading-title{padding:0;margin:0;line-height:1}.elementor-widget-heading .elementor-heading-title[class*=elementor-size-]>a{color:inherit;font-size:inherit;line-height:inherit}.elementor-widget-heading .elementor-heading-title.elementor-size-small{font-size:15px}.elementor-widget-heading .elementor-heading-title.elementor-size-medium{font-size:19px}.elementor-widget-heading .elementor-heading-title.elementor-size-large{font-size:29px}.elementor-widget-heading .elementor-heading-title.elementor-size-xl{font-size:39px}.elementor-widget-heading .elementor-heading-title.elementor-size-xxl{font-size:59px}<\/style><h3 class=\"elementor-heading-title elementor-size-default\">Nuestros datos de contacto<\/h3>\t\t<\/div>\n\t\t\t\t<\/div>\n\t\t\t\t<div class=\"elementor-element elementor-element-7fdb721 elementor-view-default elementor-vertical-align-top elementor-widget elementor-widget-icon-box\" data-id=\"7fdb721\" data-element_type=\"widget\" data-widget_type=\"icon-box.default\">\n\t\t\t\t<div class=\"elementor-widget-container\">\n\t\t\t<link rel=\"stylesheet\" href=\"https:\/\/the-smooth-mover.com\/wp-content\/uploads\/elementor\/css\/custom-widget-icon-box.min.css?ver=1769759630\">\t\t<div class=\"elementor-icon-box-wrapper\">\n\t\t\t\t\t\t<div class=\"elementor-icon-box-content\">\n\t\t\t\t<h3 class=\"elementor-icon-box-title\">\n\t\t\t\t\t<span  >\n\t\t\t\t\t\tDirecci\u00f3n\t\t\t\t\t<\/span>\n\t\t\t\t<\/h3>\n\t\t\t\t\t\t\t\t\t<p class=\"elementor-icon-box-description\">\n\t\t\t\t\t\t6 Calle Vientos del Sur\nSitio de calahonda, <br>\n29649, Mijas\t\t\t\t\t<\/p>\n\t\t\t\t\t\t\t<\/div>\n\t\t<\/div>\n\t\t\t\t<\/div>\n\t\t\t\t<\/div>\n\t\t\t\t<div class=\"elementor-element elementor-element-609b4e6 elementor-icon-list--layout-traditional elementor-list-item-link-full_width elementor-widget elementor-widget-icon-list\" data-id=\"609b4e6\" data-element_type=\"widget\" data-widget_type=\"icon-list.default\">\n\t\t\t\t<div class=\"elementor-widget-container\">\n\t\t\t<link rel=\"stylesheet\" href=\"https:\/\/the-smooth-mover.com\/wp-content\/uploads\/elementor\/css\/custom-widget-icon-list.min.css?ver=1769759608\">\t\t<ul class=\"elementor-icon-list-items\">\n\t\t\t\t\t\t\t<li class=\"elementor-icon-list-item\">\n\t\t\t\t\t\t\t\t\t\t\t<a href=\"tel:+34744624126\">\n\n\t\t\t\t\t\t\t\t\t\t\t\t<span class=\"elementor-icon-list-icon\">\n\t\t\t\t\t\t\t<i aria-hidden=\"true\" class=\"feather feather-phone\"><\/i>\t\t\t\t\t\t<\/span>\n\t\t\t\t\t\t\t\t\t\t<span class=\"elementor-icon-list-text\">+34 744 62 41 26<\/span>\n\t\t\t\t\t\t\t\t\t\t\t<\/a>\n\t\t\t\t\t\t\t\t\t<\/li>\n\t\t\t\t\t\t<\/ul>\n\t\t\t\t<\/div>\n\t\t\t\t<\/div>\n\t\t\t\t<div class=\"elementor-element elementor-element-99aa9e4 elementor-icon-list--layout-traditional elementor-list-item-link-full_width elementor-widget elementor-widget-icon-list\" data-id=\"99aa9e4\" data-element_type=\"widget\" data-widget_type=\"icon-list.default\">\n\t\t\t\t<div class=\"elementor-widget-container\">\n\t\t\t\t\t<ul class=\"elementor-icon-list-items\">\n\t\t\t\t\t\t\t<li class=\"elementor-icon-list-item\">\n\t\t\t\t\t\t\t\t\t\t\t<span class=\"elementor-icon-list-icon\">\n\t\t\t\t\t\t\t<i aria-hidden=\"true\" class=\"feather feather-mail\"><\/i>\t\t\t\t\t\t<\/span>\n\t\t\t\t\t\t\t\t\t\t<span class=\"elementor-icon-list-text\">contact@the-smooth-mover.com<\/span>\n\t\t\t\t\t\t\t\t\t<\/li>\n\t\t\t\t\t\t<\/ul>\n\t\t\t\t<\/div>\n\t\t\t\t<\/div>\n\t\t\t\t<div class=\"elementor-element elementor-element-65a6402 elementor-view-stacked elementor-widget__width-auto elementor-shape-circle elementor-widget elementor-widget-icon\" data-id=\"65a6402\" data-element_type=\"widget\" data-widget_type=\"icon.default\">\n\t\t\t\t<div class=\"elementor-widget-container\">\n\t\t\t\t\t<div class=\"elementor-icon-wrapper\">\n\t\t\t<div class=\"elementor-icon\">\n\t\t\t<i aria-hidden=\"true\" class=\"fab fa-facebook-f\"><\/i>\t\t\t<\/div>\n\t\t<\/div>\n\t\t\t\t<\/div>\n\t\t\t\t<\/div>\n\t\t\t\t<div class=\"elementor-element elementor-element-a901442 elementor-view-stacked elementor-widget__width-auto elementor-shape-circle elementor-widget elementor-widget-icon\" data-id=\"a901442\" data-element_type=\"widget\" data-widget_type=\"icon.default\">\n\t\t\t\t<div class=\"elementor-widget-container\">\n\t\t\t\t\t<div class=\"elementor-icon-wrapper\">\n\t\t\t<div class=\"elementor-icon\">\n\t\t\t<i aria-hidden=\"true\" class=\"xlsmpli simpline-social-instagram\"><\/i>\t\t\t<\/div>\n\t\t<\/div>\n\t\t\t\t<\/div>\n\t\t\t\t<\/div>\n\t\t\t\t\t<\/div>\n\t\t<\/div>\n\t\t\t\t<div class=\"elementor-column elementor-col-50 elementor-inner-column elementor-element elementor-element-1fa2a98\" data-id=\"1fa2a98\" data-element_type=\"column\">\n\t\t\t<div class=\"elementor-widget-wrap elementor-element-populated\">\n\t\t\t\t\t\t\t\t<div class=\"elementor-element elementor-element-caec0a5 elementor-widget elementor-widget-heading\" data-id=\"caec0a5\" data-element_type=\"widget\" data-widget_type=\"heading.default\">\n\t\t\t\t<div class=\"elementor-widget-container\">\n\t\t\t<h3 class=\"elementor-heading-title elementor-size-default\">Env\u00edanos un mensaje<\/h3>\t\t<\/div>\n\t\t\t\t<\/div>\n\t\t\t\t<div class=\"elementor-element elementor-element-eeb22d0 ha-form-btn--left elementor-widget elementor-widget-ha-wpform happy-addon ha-wpform\" data-id=\"eeb22d0\" data-element_type=\"widget\" data-widget_type=\"ha-wpform.default\">\n\t\t\t\t<div class=\"elementor-widget-container\">\n\t\t\t<div class=\"wpforms-container wpforms-container-full\" id=\"wpforms-1494\"><form id=\"wpforms-form-1494\" class=\"wpforms-validate wpforms-form wpforms-ajax-form\" data-formid=\"1494\" method=\"post\" enctype=\"multipart\/form-data\" action=\"\/es\/wp-json\/wp\/v2\/pages\/1490\" data-token=\"79ca56fe39af1c2952f3b61b8ebc785d\" data-token-time=\"1777625001\"><noscript class=\"wpforms-error-noscript\">Por favor, activa JavaScript en tu navegador para completar este formulario.<\/noscript><div class=\"wpforms-field-container\"><div id=\"wpforms-1494-field_1-container\" class=\"wpforms-field wpforms-field-text wpforms-one-half wpforms-first\" data-field-id=\"1\"><label class=\"wpforms-field-label\" for=\"wpforms-1494-field_1\">Appelido<\/label><input type=\"text\" id=\"wpforms-1494-field_1\" class=\"wpforms-field-large\" name=\"wpforms[fields][1]\" ><\/div><div id=\"wpforms-1494-field_2-container\" class=\"wpforms-field wpforms-field-text wpforms-one-half\" data-field-id=\"2\"><label class=\"wpforms-field-label\" for=\"wpforms-1494-field_2\">Nombre<\/label><input type=\"text\" id=\"wpforms-1494-field_2\" class=\"wpforms-field-large\" name=\"wpforms[fields][2]\" ><\/div><div id=\"wpforms-1494-field_5-container\" class=\"wpforms-field wpforms-field-email wpforms-one-half wpforms-first\" data-field-id=\"5\"><label class=\"wpforms-field-label\" for=\"wpforms-1494-field_5\">Correo electr\u00f3nico <span class=\"wpforms-required-label\">*<\/span><\/label><input type=\"email\" id=\"wpforms-1494-field_5\" class=\"wpforms-field-large wpforms-field-required\" name=\"wpforms[fields][5]\" spellcheck=\"false\" required><\/div><div id=\"wpforms-1494-field_8-container\" class=\"wpforms-field wpforms-field-text wpforms-one-half\" data-field-id=\"8\"><label class=\"wpforms-field-label\" for=\"wpforms-1494-field_8\">Numero de tel\u00e9fono <span class=\"wpforms-required-label\">*<\/span><\/label><input type=\"text\" id=\"wpforms-1494-field_8\" class=\"wpforms-field-large wpforms-field-required\" name=\"wpforms[fields][8]\" required><\/div><div id=\"wpforms-1494-field_6-container\" class=\"wpforms-field wpforms-field-text\" data-field-id=\"6\"><label class=\"wpforms-field-label\" for=\"wpforms-1494-field_6\">Asunto<\/label><input type=\"text\" id=\"wpforms-1494-field_6\" class=\"wpforms-field-large\" name=\"wpforms[fields][6]\" ><\/div><div id=\"wpforms-1494-field_7-container\" class=\"wpforms-field wpforms-field-textarea\" data-field-id=\"7\"><label class=\"wpforms-field-label\" for=\"wpforms-1494-field_7\">Mensaje <span class=\"wpforms-required-label\">*<\/span><\/label><textarea id=\"wpforms-1494-field_7\" class=\"wpforms-field-medium wpforms-field-required\" name=\"wpforms[fields][7]\" required><\/textarea><\/div><\/div><!-- .wpforms-field-container --><div class=\"wpforms-recaptcha-container wpforms-is-recaptcha wpforms-is-recaptcha-type-v2\" ><div class=\"g-recaptcha\" data-sitekey=\"6LfIYPEpAAAAAGhtI3U2ROgA0RafKnP0XAoUI6Cm\"><\/div><input type=\"text\" name=\"g-recaptcha-hidden\" class=\"wpforms-recaptcha-hidden\" style=\"position:absolute!important;clip:rect(0,0,0,0)!important;height:1px!important;width:1px!important;border:0!important;overflow:hidden!important;padding:0!important;margin:0!important;\" data-rule-recaptcha=\"1\"><\/div><div class=\"wpforms-submit-container\" ><input type=\"hidden\" name=\"wpforms[id]\" value=\"1494\"><input type=\"hidden\" name=\"page_title\" value=\"\"><input type=\"hidden\" name=\"page_url\" value=\"https:\/\/the-smooth-mover.com\/es\/wp-json\/wp\/v2\/pages\/1490\"><input type=\"hidden\" name=\"url_referer\" value=\"\"><button type=\"submit\" name=\"wpforms[submit]\" id=\"wpforms-submit-1494\" class=\"wpforms-submit\" data-alt-text=\"Enviando el mensaje actual...\" data-submit-text=\"Enviar mi mensaje\" aria-live=\"assertive\" value=\"wpforms-submit\">Enviar mi mensaje<\/button><img src=\"https:\/\/the-smooth-mover.com\/wp-content\/plugins\/wpforms-lite\/assets\/images\/submit-spin.svg\" class=\"wpforms-submit-spinner\" style=\"display: none;\" width=\"26\" height=\"26\" alt=\"Cargando\"><\/div><\/form><\/div>  <!-- .wpforms-container -->\t\t<\/div>\n\t\t\t\t<\/div>\n\t\t\t\t\t<\/div>\n\t\t<\/div>\n\t\t\t\t\t\t\t<\/div>\n\t\t<\/section>\n\t\t\t\t<div class=\"elementor-element elementor-element-d0554d5 elementor-widget__width-auto elementor-absolute elementor-widget elementor-widget-image\" data-id=\"d0554d5\" data-element_type=\"widget\" data-settings=\"{&quot;_position&quot;:&quot;absolute&quot;}\" data-widget_type=\"image.default\">\n\t\t\t\t<div class=\"elementor-widget-container\">\n\t\t\t<style>\/*! elementor - v3.8.1 - 13-11-2022 *\/\n.elementor-widget-image{text-align:center}.elementor-widget-image a{display:inline-block}.elementor-widget-image a img[src$=\".svg\"]{width:48px}.elementor-widget-image img{vertical-align:middle;display:inline-block}<\/style>\t\t\t\t\t\t\t\t\t\t\t\t<img width=\"500\" height=\"500\" src=\"https:\/\/the-smooth-mover.com\/wp-content\/uploads\/2022\/09\/Favicon-the-smooth-mover_-min.png\" class=\"attachment-full size-full\" alt=\"Favicon The Smooth Mover\" srcset=\"https:\/\/the-smooth-mover.com\/wp-content\/uploads\/2022\/09\/Favicon-the-smooth-mover_-min.png 500w, https:\/\/the-smooth-mover.com\/wp-content\/uploads\/2022\/09\/Favicon-the-smooth-mover_-min-300x300.png 300w, https:\/\/the-smooth-mover.com\/wp-content\/uploads\/2022\/09\/Favicon-the-smooth-mover_-min-150x150.png 150w, https:\/\/the-smooth-mover.com\/wp-content\/uploads\/2022\/09\/Favicon-the-smooth-mover_-min-320x320.png 320w\" sizes=\"(max-width: 500px) 100vw, 500px\" \/>\t\t\t\t\t\t\t\t\t\t\t\t\t\t\t<\/div>\n\t\t\t\t<\/div>\n\t\t\t\t\t<\/div>\n\t\t<\/div>\n\t\t\t\t\t\t\t<\/div>\n\t\t<\/section>\n\t\t\t\t\t\t\t<\/div>\n\t\t","protected":false},"excerpt":{"rendered":"<p>Nuestros datos de contacto Direcci\u00f3n 6 Calle Vientos del Sur Sitio de calahonda, 29649, Mijas +34 744 62 41 26 contact@the-smooth-mover.com Env\u00edanos un mensaje Please enable JavaScript in your browser to complete this form.AppelidoNombreCorreo electr\u00f3nico *Numero de tel\u00e9fono *AsuntoMensaje * Enviar mi mensaje<\/p>\n","protected":false},"author":1,"featured_media":0,"parent":0,"menu_order":0,"comment_status":"closed","ping_status":"closed","template":"","meta":[],"yoast_head":"<!-- This site is optimized with the Yoast SEO plugin v19.10 - https:\/\/yoast.com\/wordpress\/plugins\/seo\/ -->\n<title>Contacte con - D\u00e9m\u00e9nageur \u00e0 Marbella<\/title>\n<meta name=\"robots\" content=\"index, follow, max-snippet:-1, max-image-preview:large, max-video-preview:-1\" \/>\n<link rel=\"canonical\" href=\"https:\/\/the-smooth-mover.com\/contact\/\" \/>\n<meta property=\"og:locale\" content=\"es_ES\" \/>\n<meta property=\"og:type\" content=\"article\" \/>\n<meta property=\"og:title\" content=\"Contacte con - D\u00e9m\u00e9nageur \u00e0 Marbella\" \/>\n<meta property=\"og:description\" content=\"Nuestros datos de contacto Direcci\u00f3n 6 Calle Vientos del Sur Sitio de calahonda, 29649, Mijas +34 744 62 41 26 contact@the-smooth-mover.com Env\u00edanos un mensaje Please enable JavaScript in your browser to complete this form.AppelidoNombreCorreo electr\u00f3nico *Numero de tel\u00e9fono *AsuntoMensaje * Enviar mi mensaje\" \/>\n<meta property=\"og:url\" content=\"https:\/\/the-smooth-mover.com\/contact\/\" \/>\n<meta property=\"og:site_name\" content=\"D\u00e9m\u00e9nageur \u00e0 Marbella\" \/>\n<meta property=\"article:modified_time\" content=\"2026-01-30T07:46:13+00:00\" \/>\n<meta property=\"og:image\" content=\"https:\/\/the-smooth-mover.com\/wp-content\/plugins\/wpforms-lite\/assets\/images\/submit-spin.svg\" \/>\n<meta name=\"twitter:card\" content=\"summary_large_image\" \/>\n<meta name=\"twitter:label1\" content=\"Tiempo de lectura\" \/>\n\t<meta name=\"twitter:data1\" content=\"1 minuto\" \/>\n<script type=\"application\/ld+json\" class=\"yoast-schema-graph\">{\"@context\":\"https:\/\/schema.org\",\"@graph\":[{\"@type\":\"WebPage\",\"@id\":\"https:\/\/the-smooth-mover.com\/contact\/\",\"url\":\"https:\/\/the-smooth-mover.com\/contact\/\",\"name\":\"Contacte con - D\u00e9m\u00e9nageur \u00e0 Marbella\",\"isPartOf\":{\"@id\":\"https:\/\/the-smooth-mover.com\/#website\"},\"datePublished\":\"2022-09-26T12:14:07+00:00\",\"dateModified\":\"2026-01-30T07:46:13+00:00\",\"breadcrumb\":{\"@id\":\"https:\/\/the-smooth-mover.com\/contact\/#breadcrumb\"},\"inLanguage\":\"es\",\"potentialAction\":[{\"@type\":\"ReadAction\",\"target\":[\"https:\/\/the-smooth-mover.com\/contact\/\"]}]},{\"@type\":\"BreadcrumbList\",\"@id\":\"https:\/\/the-smooth-mover.com\/contact\/#breadcrumb\",\"itemListElement\":[{\"@type\":\"ListItem\",\"position\":1,\"name\":\"Home\",\"item\":\"https:\/\/the-smooth-mover.com\/es\/\"},{\"@type\":\"ListItem\",\"position\":2,\"name\":\"Contacte con\"}]},{\"@type\":\"WebSite\",\"@id\":\"https:\/\/the-smooth-mover.com\/#website\",\"url\":\"https:\/\/the-smooth-mover.com\/\",\"name\":\"D\u00e9m\u00e9nageur \u00e0 Marbella\",\"description\":\"Vos d\u00e9m\u00e9nageurs de confiance\",\"potentialAction\":[{\"@type\":\"SearchAction\",\"target\":{\"@type\":\"EntryPoint\",\"urlTemplate\":\"https:\/\/the-smooth-mover.com\/?s={search_term_string}\"},\"query-input\":\"required name=search_term_string\"}],\"inLanguage\":\"es\"}]}<\/script>\n<!-- \/ Yoast SEO plugin. -->","yoast_head_json":{"title":"Contacte con - D\u00e9m\u00e9nageur \u00e0 Marbella","robots":{"index":"index","follow":"follow","max-snippet":"max-snippet:-1","max-image-preview":"max-image-preview:large","max-video-preview":"max-video-preview:-1"},"canonical":"https:\/\/the-smooth-mover.com\/contact\/","og_locale":"es_ES","og_type":"article","og_title":"Contacte con - D\u00e9m\u00e9nageur \u00e0 Marbella","og_description":"Nuestros datos de contacto Direcci\u00f3n 6 Calle Vientos del Sur Sitio de calahonda, 29649, Mijas +34 744 62 41 26 contact@the-smooth-mover.com Env\u00edanos un mensaje Please enable JavaScript in your browser to complete this form.AppelidoNombreCorreo electr\u00f3nico *Numero de tel\u00e9fono *AsuntoMensaje * Enviar mi mensaje","og_url":"https:\/\/the-smooth-mover.com\/contact\/","og_site_name":"D\u00e9m\u00e9nageur \u00e0 Marbella","article_modified_time":"2026-01-30T07:46:13+00:00","og_image":[{"url":"https:\/\/the-smooth-mover.com\/wp-content\/plugins\/wpforms-lite\/assets\/images\/submit-spin.svg"}],"twitter_card":"summary_large_image","twitter_misc":{"Tiempo de lectura":"1 minuto"},"schema":{"@context":"https:\/\/schema.org","@graph":[{"@type":"WebPage","@id":"https:\/\/the-smooth-mover.com\/contact\/","url":"https:\/\/the-smooth-mover.com\/contact\/","name":"Contacte con - D\u00e9m\u00e9nageur \u00e0 Marbella","isPartOf":{"@id":"https:\/\/the-smooth-mover.com\/#website"},"datePublished":"2022-09-26T12:14:07+00:00","dateModified":"2026-01-30T07:46:13+00:00","breadcrumb":{"@id":"https:\/\/the-smooth-mover.com\/contact\/#breadcrumb"},"inLanguage":"es","potentialAction":[{"@type":"ReadAction","target":["https:\/\/the-smooth-mover.com\/contact\/"]}]},{"@type":"BreadcrumbList","@id":"https:\/\/the-smooth-mover.com\/contact\/#breadcrumb","itemListElement":[{"@type":"ListItem","position":1,"name":"Home","item":"https:\/\/the-smooth-mover.com\/es\/"},{"@type":"ListItem","position":2,"name":"Contacte con"}]},{"@type":"WebSite","@id":"https:\/\/the-smooth-mover.com\/#website","url":"https:\/\/the-smooth-mover.com\/","name":"D\u00e9m\u00e9nageur \u00e0 Marbella","description":"Vos d\u00e9m\u00e9nageurs de confiance","potentialAction":[{"@type":"SearchAction","target":{"@type":"EntryPoint","urlTemplate":"https:\/\/the-smooth-mover.com\/?s={search_term_string}"},"query-input":"required name=search_term_string"}],"inLanguage":"es"}]}},"_links":{"self":[{"href":"https:\/\/the-smooth-mover.com\/es\/wp-json\/wp\/v2\/pages\/1490"}],"collection":[{"href":"https:\/\/the-smooth-mover.com\/es\/wp-json\/wp\/v2\/pages"}],"about":[{"href":"https:\/\/the-smooth-mover.com\/es\/wp-json\/wp\/v2\/types\/page"}],"author":[{"embeddable":true,"href":"https:\/\/the-smooth-mover.com\/es\/wp-json\/wp\/v2\/users\/1"}],"replies":[{"embeddable":true,"href":"https:\/\/the-smooth-mover.com\/es\/wp-json\/wp\/v2\/comments?post=1490"}],"version-history":[{"count":13,"href":"https:\/\/the-smooth-mover.com\/es\/wp-json\/wp\/v2\/pages\/1490\/revisions"}],"predecessor-version":[{"id":2541,"href":"https:\/\/the-smooth-mover.com\/es\/wp-json\/wp\/v2\/pages\/1490\/revisions\/2541"}],"wp:attachment":[{"href":"https:\/\/the-smooth-mover.com\/es\/wp-json\/wp\/v2\/media?parent=1490"}],"curies":[{"name":"wp","href":"https:\/\/api.w.org\/{rel}","templated":true}]}}